{"id":1090,"date":"2016-02-13T10:10:52","date_gmt":"2016-02-13T09:10:52","guid":{"rendered":"https:\/\/www.bouganvillestudios.com\/contatti-bouganville-studios-rodi-grecia\/"},"modified":"2019-05-10T16:43:34","modified_gmt":"2019-05-10T14:43:34","slug":"contacts-bouganville-studios","status":"publish","type":"page","link":"https:\/\/www.bouganvillestudios.com\/fr\/contacts-bouganville-studios\/","title":{"rendered":"Contacts Bouganville Studios"},"content":{"rendered":"\n\n<style type=\"text\/css\" data-created_by=\"avia_inline_auto\" id=\"style-css-av-av_two_fifth-9497bbf8bff73ea4c6992cc17fa9ec36\">\n.flex_column.av-av_two_fifth-9497bbf8bff73ea4c6992cc17fa9ec36{\nborder-radius:0px 0px 0px 0px;\npadding:0px 0px 0px 0px;\n}\n<\/style>\n<div  class='flex_column av-av_two_fifth-9497bbf8bff73ea4c6992cc17fa9ec36 av_two_fifth  avia-builder-el-1  el_after_av_codeblock  el_before_av_three_fifth  first flex_column_div av-zero-column-padding  '     ><style type=\"text\/css\" data-created_by=\"avia_inline_auto\" id=\"style-css-av-av_textblock-a3d07da1591937de2eda3e3fe781d371\">\n#top .av_textblock_section.av-av_textblock-a3d07da1591937de2eda3e3fe781d371 .avia_textblock{\nfont-size:20px;\n}\n<\/style>\n<section  class='av_textblock_section av-av_textblock-a3d07da1591937de2eda3e3fe781d371 '   itemscope=\"itemscope\" itemtype=\"https:\/\/schema.org\/CreativeWork\" ><div class='avia_textblock'  itemprop=\"text\" ><h1>Bouganville Studios<\/h1>\n<p>Archangelos \u2013 Stegna Beach<br \/>\n\u00cele de Rhodes\u00a0(Gr\u00e8ce)<\/p>\n<p>P. IVA: 99734139<\/p>\n<\/div><\/section><br \/>\n\n<style type=\"text\/css\" data-created_by=\"avia_inline_auto\" id=\"style-css-av-av_hr-86541afb0e164afd45e02e143873f5c7\">\n#top .hr.av-av_hr-86541afb0e164afd45e02e143873f5c7{\nmargin-top:30px;\nmargin-bottom:30px;\n}\n.hr.av-av_hr-86541afb0e164afd45e02e143873f5c7 .hr-inner{\nwidth:50px;\nmax-width:45%;\n}\n<\/style>\n<div  class='hr av-av_hr-86541afb0e164afd45e02e143873f5c7 hr-custom  avia-builder-el-3  el_after_av_textblock  el_before_av_icon_box  hr-left hr-icon-yes'><span class='hr-inner inner-border-av-border-thin'><span class=\"hr-inner-style\"><\/span><\/span><span class='av-seperator-icon avia-iconfont avia-font-entypo-fontello' data-av_icon='\ue8ce' data-av_iconfont='entypo-fontello' ><\/span><span class='hr-inner inner-border-av-border-thin'><span class=\"hr-inner-style\"><\/span><\/span><\/div><br \/>\n\n<style type=\"text\/css\" data-created_by=\"avia_inline_auto\" id=\"style-css-av-av_icon_box-68d87fc1a6aa430ff57937437ccab420\">\n.iconbox.av-av_icon_box-68d87fc1a6aa430ff57937437ccab420 .iconbox_icon{\nbackground-color:#f03492;\nborder:1px solid #ffffff;\ncolor:#ffffff;\n}\n.iconbox.av-av_icon_box-68d87fc1a6aa430ff57937437ccab420 .iconbox_icon.avia-svg-icon svg:first-child{\nfill:#ffffff;\nstroke:#ffffff;\n}\n<\/style>\n<article  class='iconbox iconbox_left_content av-av_icon_box-68d87fc1a6aa430ff57937437ccab420  avia-builder-el-4  el_after_av_hr  el_before_av_icon_box '  itemscope=\"itemscope\" itemtype=\"https:\/\/schema.org\/CreativeWork\" ><div class='iconbox_icon heading-color avia-iconfont avia-font-entypo-fontello' data-av_icon='\ue854' data-av_iconfont='entypo-fontello'  ><\/div><div class=\"iconbox_content\"><header class=\"entry-content-header\" aria-label=\"Ic\u00f4ne : Coordonn\u00e9es\"><h3 class='iconbox_content_title '  itemprop=\"headline\" >Coordonn\u00e9es<\/h3><\/header><div class='iconbox_content_container '  itemprop=\"text\" ><p>T\u00e9l\u00e9phone: +30 2244022884<br \/>\nPortable: +30 6906243955 <strong>(Nadia)<\/strong><br \/>\nPortable: +39 339 5714217 <strong>(Nadia)<\/strong><br \/>\nPortable: +39 335 5860067 <strong>(Antonio)<\/strong><br \/>\n<strong>E-Mail:<\/strong> <a href=\"mailto:info@bouganvillestudios.com\">info@bouganvillestudios.com<\/a><\/p>\n<\/div><\/div><footer class=\"entry-footer\"><\/footer><\/article><br \/>\n\n<style type=\"text\/css\" data-created_by=\"avia_inline_auto\" id=\"style-css-av-av_icon_box-a506de735bb7eb2acc5feae87f503211\">\n.iconbox.av-av_icon_box-a506de735bb7eb2acc5feae87f503211 .iconbox_icon{\nbackground-color:#f03492;\nborder:1px solid #ffffff;\ncolor:#ffffff;\n}\n.iconbox.av-av_icon_box-a506de735bb7eb2acc5feae87f503211 .iconbox_icon.avia-svg-icon svg:first-child{\nfill:#ffffff;\nstroke:#ffffff;\n}\n<\/style>\n<article  class='iconbox iconbox_left_content av-av_icon_box-a506de735bb7eb2acc5feae87f503211  avia-builder-el-5  el_after_av_icon_box  el_before_av_image '  itemscope=\"itemscope\" itemtype=\"https:\/\/schema.org\/CreativeWork\" ><div class='iconbox_icon heading-color avia-iconfont avia-font-entypo-fontello' data-av_icon='\ue805' data-av_iconfont='entypo-fontello'  ><\/div><div class=\"iconbox_content\"><header class=\"entry-content-header\" aria-label=\"Ic\u00f4ne : Envoie-nous un message\"><h3 class='iconbox_content_title '  itemprop=\"headline\" >Envoie-nous un message<\/h3><\/header><div class='iconbox_content_container '  itemprop=\"text\" ><p>Pour nous envoyer un message ou pour simplement nous demander des informations remplis le formulaire \u00a0\u00a0de\u00a0 contact et nous te r\u00e9pondrons dans les meilleurs d\u00e9lais.<\/p>\n<p>Merci!<\/p>\n<\/div><\/div><footer class=\"entry-footer\"><\/footer><\/article><br \/>\n\n<style type=\"text\/css\" data-created_by=\"avia_inline_auto\" id=\"style-css-av-av_image-448a9aa53703c95fa83684050cffdb81\">\n.avia-image-container.av-av_image-448a9aa53703c95fa83684050cffdb81 img.avia_image{\nbox-shadow:none;\n}\n.avia-image-container.av-av_image-448a9aa53703c95fa83684050cffdb81 .av-image-caption-overlay-center{\ncolor:#ffffff;\n}\n<\/style>\n<div  class='avia-image-container av-av_image-448a9aa53703c95fa83684050cffdb81 av-styling- avia-align-center  avia-builder-el-6  el_after_av_icon_box  avia-builder-el-last '   itemprop=\"image\" itemscope=\"itemscope\" itemtype=\"https:\/\/schema.org\/ImageObject\" ><div class=\"avia-image-container-inner\"><div class=\"avia-image-overlay-wrap\"><img decoding=\"async\" fetchpriority=\"high\" class='wp-image-1562 avia-img-lazy-loading-not-1562 avia_image ' src=\"https:\/\/www.bouganvillestudios.com\/wp-content\/uploads\/2016\/02\/lanterna-appartamenti-studios-grecia.jpg\" alt='' title='lanterna-appartamenti-studios-grecia'  height=\"1000\" width=\"667\"  itemprop=\"thumbnailUrl\" srcset=\"https:\/\/www.bouganvillestudios.com\/wp-content\/uploads\/2016\/02\/lanterna-appartamenti-studios-grecia.jpg 667w, https:\/\/www.bouganvillestudios.com\/wp-content\/uploads\/2016\/02\/lanterna-appartamenti-studios-grecia-200x300.jpg 200w, https:\/\/www.bouganvillestudios.com\/wp-content\/uploads\/2016\/02\/lanterna-appartamenti-studios-grecia-470x705.jpg 470w\" sizes=\"(max-width: 667px) 100vw, 667px\" \/><\/div><\/div><\/div><\/p><\/div>\n\n<style type=\"text\/css\" data-created_by=\"avia_inline_auto\" id=\"style-css-av-av_three_fifth-9c1d454dc06f7247226bc4e8f931daae\">\n.flex_column.av-av_three_fifth-9c1d454dc06f7247226bc4e8f931daae{\nborder-radius:0px 0px 0px 0px;\npadding:0px 0px 0px 0px;\n}\n<\/style>\n<div  class='flex_column av-av_three_fifth-9c1d454dc06f7247226bc4e8f931daae av_three_fifth  avia-builder-el-7  el_after_av_two_fifth  avia-builder-el-last  flex_column_div av-zero-column-padding  '     ><section  class='av_textblock_section av-av_textblock-0366cc7376be6c9e82a3e9cc8987b64f '   itemscope=\"itemscope\" itemtype=\"https:\/\/schema.org\/CreativeWork\" ><div class='avia_textblock'  itemprop=\"text\" ><h1>Formulaire de contact<\/h1>\n<\/div><\/section><br \/>\n<section  class='av_textblock_section av-av_textblock-0366cc7376be6c9e82a3e9cc8987b64f '   itemscope=\"itemscope\" itemtype=\"https:\/\/schema.org\/CreativeWork\" ><div class='avia_textblock'  itemprop=\"text\" >\n<div class=\"wpcf7 no-js\" id=\"wpcf7-f1092-o1\" lang=\"it-IT\" dir=\"ltr\" data-wpcf7-id=\"1092\">\n<div class=\"screen-reader-response\"><p role=\"status\" aria-live=\"polite\" aria-atomic=\"true\"><\/p> <ul><\/ul><\/div>\n<form action=\"\/fr\/wp-json\/wp\/v2\/pages\/1090#wpcf7-f1092-o1\" method=\"post\" class=\"wpcf7-form init\" aria-label=\"Modulo di contatto\" novalidate=\"novalidate\" data-status=\"init\">\n<fieldset class=\"hidden-fields-container\"><input type=\"hidden\" name=\"_wpcf7\" value=\"1092\" \/><input type=\"hidden\" name=\"_wpcf7_version\" value=\"6.1.5\" \/><input type=\"hidden\" name=\"_wpcf7_locale\" value=\"it_IT\" \/><input type=\"hidden\" name=\"_wpcf7_unit_tag\" value=\"wpcf7-f1092-o1\" \/><input type=\"hidden\" name=\"_wpcf7_container_post\" value=\"0\" \/><input type=\"hidden\" name=\"_wpcf7_posted_data_hash\" value=\"\" \/><input type=\"hidden\" name=\"_wpcf7_recaptcha_response\" value=\"\" \/>\n<\/fieldset>\n<p>Nom et pr\u00e9nom*\n<\/p>\n<p><span class=\"wpcf7-form-control-wrap\" data-name=\"your-name\"><input size=\"40\" maxlength=\"400\" class=\"wpcf7-form-control wpcf7-text wpcf7-validates-as-required\" aria-required=\"true\" aria-invalid=\"false\" value=\"\" type=\"text\" name=\"your-name\" \/><\/span>\n<\/p>\n<p>Email*\n<\/p>\n<p><span class=\"wpcf7-form-control-wrap\" data-name=\"your-email\"><input size=\"40\" maxlength=\"400\" class=\"wpcf7-form-control wpcf7-email wpcf7-validates-as-required wpcf7-text wpcf7-validates-as-email\" aria-required=\"true\" aria-invalid=\"false\" value=\"\" type=\"email\" name=\"your-email\" \/><\/span>\n<\/p>\n<p>T\u00e9l\u00e9phone\n<\/p>\n<p><span class=\"wpcf7-form-control-wrap\" data-name=\"Telefono\"><input size=\"40\" maxlength=\"400\" class=\"wpcf7-form-control wpcf7-text\" aria-invalid=\"false\" value=\"\" type=\"text\" name=\"Telefono\" \/><\/span>\n<\/p>\n<p>Nombre de personnes\n<\/p>\n<p><span class=\"wpcf7-form-control-wrap\" data-name=\"Numeropersone\"><input size=\"40\" maxlength=\"400\" class=\"wpcf7-form-control wpcf7-text\" aria-invalid=\"false\" value=\"\" type=\"text\" name=\"Numeropersone\" \/><\/span>\n<\/p>\n<p>D\u00e9but s\u00e9jour\n<\/p>\n<p><span class=\"wpcf7-form-control-wrap\" data-name=\"inizioperiodotext\"><input size=\"40\" maxlength=\"400\" class=\"wpcf7-form-control wpcf7-text\" aria-invalid=\"false\" value=\"\" type=\"text\" name=\"inizioperiodotext\" \/><\/span>\n<\/p>\n<p>Fin s\u00e9jour\n<\/p>\n<p><span class=\"wpcf7-form-control-wrap\" data-name=\"fineperiodotext\"><input size=\"40\" maxlength=\"400\" class=\"wpcf7-form-control wpcf7-text\" aria-invalid=\"false\" value=\"\" type=\"text\" name=\"fineperiodotext\" \/><\/span>\n<\/p>\n<p>Message\n<\/p>\n<p><span class=\"wpcf7-form-control-wrap\" data-name=\"your-message\"><textarea cols=\"40\" rows=\"10\" maxlength=\"2000\" class=\"wpcf7-form-control wpcf7-textarea\" aria-invalid=\"false\" name=\"your-message\"><\/textarea><\/span>\n<\/p>\n<p><strong><a href=\"\/fr\/privacy-cookie-policy\/\" target=\"_blank\">Privacy Policy<\/a><\/strong>\n<\/p>\n<p><span class=\"wpcf7-form-control-wrap\" data-name=\"checkbox-437\"><span class=\"wpcf7-form-control wpcf7-checkbox wpcf7-validates-as-required\"><span class=\"wpcf7-list-item first last\"><input type=\"checkbox\" name=\"checkbox-437[]\" value=\"D\u00e9claration de consentement au Traitement des donn\u00e9es personnelles. Je d\u00e9clare avoir lu le document ci-dessus  autorisant le traitement de mes donn\u00e9es personnelles\" \/><span class=\"wpcf7-list-item-label\">D\u00e9claration de consentement au Traitement des donn\u00e9es personnelles. Je d\u00e9clare avoir lu le document ci-dessus  autorisant le traitement de mes donn\u00e9es personnelles<\/span><\/span><\/span><\/span>\n<\/p>\n<p>\n\n<\/p>\n<p><input class=\"wpcf7-form-control wpcf7-submit has-spinner\" type=\"submit\" value=\"Soumettre\" \/>\n<\/p><div class=\"wpcf7-response-output\" aria-hidden=\"true\"><\/div>\n<\/form>\n<\/div>\n\n<\/div><\/section><\/p><\/div>\n","protected":false},"excerpt":{"rendered":"","protected":false},"author":1,"featured_media":0,"parent":0,"menu_order":0,"comment_status":"closed","ping_status":"closed","template":"","meta":{"footnotes":""},"class_list":["post-1090","page","type-page","status-publish","hentry"],"yoast_head":"<!-- This site is optimized with the Yoast SEO plugin v27.2 - https:\/\/yoast.com\/product\/yoast-seo-wordpress\/ -->\n<title>Bouganville Studios Archangelos \u2013 Stegna Beach \u00cele de Rhodes (Gr\u00e8ce)<\/title>\n<meta name=\"description\" content=\"Bougainville Studios, appartements sur l\u2019Ile de Rhodes. D\u00e9couvre les d\u00e9tails de nos studios et de nos appartements sur l\u2019Ile de Rhodes\" \/>\n<meta name=\"robots\" content=\"index, follow, max-snippet:-1, max-image-preview:large, max-video-preview:-1\" \/>\n<link rel=\"canonical\" href=\"https:\/\/www.bouganvillestudios.com\/fr\/contacts-bouganville-studios\/\" \/>\n<meta property=\"og:locale\" content=\"fr_FR\" \/>\n<meta property=\"og:type\" content=\"article\" \/>\n<meta property=\"og:title\" content=\"Bouganville Studios Archangelos \u2013 Stegna Beach \u00cele de Rhodes (Gr\u00e8ce)\" \/>\n<meta property=\"og:description\" content=\"Bougainville Studios, appartements sur l\u2019Ile de Rhodes. D\u00e9couvre les d\u00e9tails de nos studios et de nos appartements sur l\u2019Ile de Rhodes\" \/>\n<meta property=\"og:url\" content=\"https:\/\/www.bouganvillestudios.com\/fr\/contacts-bouganville-studios\/\" \/>\n<meta property=\"og:site_name\" content=\"Bouganville Studios\" \/>\n<meta property=\"article:modified_time\" content=\"2019-05-10T14:43:34+00:00\" \/>\n<meta name=\"twitter:card\" content=\"summary_large_image\" \/>\n<meta name=\"twitter:label1\" content=\"Dur\u00e9e de lecture estim\u00e9e\" \/>\n\t<meta name=\"twitter:data1\" content=\"2 minutes\" \/>\n<script type=\"application\/ld+json\" class=\"yoast-schema-graph\">{\"@context\":\"https:\/\/schema.org\",\"@graph\":[{\"@type\":\"WebPage\",\"@id\":\"https:\/\/www.bouganvillestudios.com\/fr\/contacts-bouganville-studios\/\",\"url\":\"https:\/\/www.bouganvillestudios.com\/fr\/contacts-bouganville-studios\/\",\"name\":\"Bouganville Studios Archangelos \u2013 Stegna Beach \u00cele de Rhodes (Gr\u00e8ce)\",\"isPartOf\":{\"@id\":\"https:\/\/www.bouganvillestudios.com\/#website\"},\"datePublished\":\"2016-02-13T09:10:52+00:00\",\"dateModified\":\"2019-05-10T14:43:34+00:00\",\"description\":\"Bougainville Studios, appartements sur l\u2019Ile de Rhodes. D\u00e9couvre les d\u00e9tails de nos studios et de nos appartements sur l\u2019Ile de Rhodes\",\"breadcrumb\":{\"@id\":\"https:\/\/www.bouganvillestudios.com\/fr\/contacts-bouganville-studios\/#breadcrumb\"},\"inLanguage\":\"fr-FR\",\"potentialAction\":[{\"@type\":\"ReadAction\",\"target\":[\"https:\/\/www.bouganvillestudios.com\/fr\/contacts-bouganville-studios\/\"]}]},{\"@type\":\"BreadcrumbList\",\"@id\":\"https:\/\/www.bouganvillestudios.com\/fr\/contacts-bouganville-studios\/#breadcrumb\",\"itemListElement\":[{\"@type\":\"ListItem\",\"position\":1,\"name\":\"Home\",\"item\":\"https:\/\/www.bouganvillestudios.com\/fr\/\"},{\"@type\":\"ListItem\",\"position\":2,\"name\":\"Contacts Bouganville Studios\"}]},{\"@type\":\"WebSite\",\"@id\":\"https:\/\/www.bouganvillestudios.com\/#website\",\"url\":\"https:\/\/www.bouganvillestudios.com\/\",\"name\":\"Bouganville Studios\",\"description\":\"Appartamenti e studios a Rodi - Grecia\",\"potentialAction\":[{\"@type\":\"SearchAction\",\"target\":{\"@type\":\"EntryPoint\",\"urlTemplate\":\"https:\/\/www.bouganvillestudios.com\/?s={search_term_string}\"},\"query-input\":{\"@type\":\"PropertyValueSpecification\",\"valueRequired\":true,\"valueName\":\"search_term_string\"}}],\"inLanguage\":\"fr-FR\"}]}<\/script>\n<!-- \/ Yoast SEO plugin. -->","yoast_head_json":{"title":"Bouganville Studios Archangelos \u2013 Stegna Beach \u00cele de Rhodes (Gr\u00e8ce)","description":"Bougainville Studios, appartements sur l\u2019Ile de Rhodes. D\u00e9couvre les d\u00e9tails de nos studios et de nos appartements sur l\u2019Ile de Rhodes","robots":{"index":"index","follow":"follow","max-snippet":"max-snippet:-1","max-image-preview":"max-image-preview:large","max-video-preview":"max-video-preview:-1"},"canonical":"https:\/\/www.bouganvillestudios.com\/fr\/contacts-bouganville-studios\/","og_locale":"fr_FR","og_type":"article","og_title":"Bouganville Studios Archangelos \u2013 Stegna Beach \u00cele de Rhodes (Gr\u00e8ce)","og_description":"Bougainville Studios, appartements sur l\u2019Ile de Rhodes. D\u00e9couvre les d\u00e9tails de nos studios et de nos appartements sur l\u2019Ile de Rhodes","og_url":"https:\/\/www.bouganvillestudios.com\/fr\/contacts-bouganville-studios\/","og_site_name":"Bouganville Studios","article_modified_time":"2019-05-10T14:43:34+00:00","twitter_card":"summary_large_image","twitter_misc":{"Dur\u00e9e de lecture estim\u00e9e":"2 minutes"},"schema":{"@context":"https:\/\/schema.org","@graph":[{"@type":"WebPage","@id":"https:\/\/www.bouganvillestudios.com\/fr\/contacts-bouganville-studios\/","url":"https:\/\/www.bouganvillestudios.com\/fr\/contacts-bouganville-studios\/","name":"Bouganville Studios Archangelos \u2013 Stegna Beach \u00cele de Rhodes (Gr\u00e8ce)","isPartOf":{"@id":"https:\/\/www.bouganvillestudios.com\/#website"},"datePublished":"2016-02-13T09:10:52+00:00","dateModified":"2019-05-10T14:43:34+00:00","description":"Bougainville Studios, appartements sur l\u2019Ile de Rhodes. D\u00e9couvre les d\u00e9tails de nos studios et de nos appartements sur l\u2019Ile de Rhodes","breadcrumb":{"@id":"https:\/\/www.bouganvillestudios.com\/fr\/contacts-bouganville-studios\/#breadcrumb"},"inLanguage":"fr-FR","potentialAction":[{"@type":"ReadAction","target":["https:\/\/www.bouganvillestudios.com\/fr\/contacts-bouganville-studios\/"]}]},{"@type":"BreadcrumbList","@id":"https:\/\/www.bouganvillestudios.com\/fr\/contacts-bouganville-studios\/#breadcrumb","itemListElement":[{"@type":"ListItem","position":1,"name":"Home","item":"https:\/\/www.bouganvillestudios.com\/fr\/"},{"@type":"ListItem","position":2,"name":"Contacts Bouganville Studios"}]},{"@type":"WebSite","@id":"https:\/\/www.bouganvillestudios.com\/#website","url":"https:\/\/www.bouganvillestudios.com\/","name":"Bouganville Studios","description":"Appartamenti e studios a Rodi - Grecia","potentialAction":[{"@type":"SearchAction","target":{"@type":"EntryPoint","urlTemplate":"https:\/\/www.bouganvillestudios.com\/?s={search_term_string}"},"query-input":{"@type":"PropertyValueSpecification","valueRequired":true,"valueName":"search_term_string"}}],"inLanguage":"fr-FR"}]}},"_links":{"self":[{"href":"https:\/\/www.bouganvillestudios.com\/fr\/wp-json\/wp\/v2\/pages\/1090","targetHints":{"allow":["GET"]}}],"collection":[{"href":"https:\/\/www.bouganvillestudios.com\/fr\/wp-json\/wp\/v2\/pages"}],"about":[{"href":"https:\/\/www.bouganvillestudios.com\/fr\/wp-json\/wp\/v2\/types\/page"}],"author":[{"embeddable":true,"href":"https:\/\/www.bouganvillestudios.com\/fr\/wp-json\/wp\/v2\/users\/1"}],"replies":[{"embeddable":true,"href":"https:\/\/www.bouganvillestudios.com\/fr\/wp-json\/wp\/v2\/comments?post=1090"}],"version-history":[{"count":4,"href":"https:\/\/www.bouganvillestudios.com\/fr\/wp-json\/wp\/v2\/pages\/1090\/revisions"}],"predecessor-version":[{"id":2057,"href":"https:\/\/www.bouganvillestudios.com\/fr\/wp-json\/wp\/v2\/pages\/1090\/revisions\/2057"}],"wp:attachment":[{"href":"https:\/\/www.bouganvillestudios.com\/fr\/wp-json\/wp\/v2\/media?parent=1090"}],"curies":[{"name":"wp","href":"https:\/\/api.w.org\/{rel}","templated":true}]}}